{"id":33,"date":"2016-02-12T18:02:50","date_gmt":"2016-02-12T17:02:50","guid":{"rendered":"http:\/\/www.gotrail.fr\/?page_id=33"},"modified":"2026-04-01T15:47:04","modified_gmt":"2026-04-01T13:47:04","slug":"inscription","status":"publish","type":"page","link":"https:\/\/www.gotrail.fr\/?page_id=33","title":{"rendered":"Inscription \u00e0 l&rsquo;\u00e9dition 2026"},"content":{"rendered":"<h3><strong>Licence<\/strong><strong>\u00a0et d\u00e9charge<\/strong><\/h3>\n<ul>\n<li><strong>6 et 10 km<\/strong> : A partir de 12 ans. Les coureurs devront fournir une licence (FFA, FFTRI) ou un certificat m\u00e9dical de non contre indication \u00e0 la pratique de la course \u00e0 pied en comp\u00e9tition dat\u00e9 de moins d&rsquo;1 an, et \u00eatre accompagn\u00e9 d&rsquo;un parent tout au long de la course.<\/li>\n<li><strong>14 km<\/strong> : A partir de 12 ans. Les coureurs devront fournir une licence (FFA, FFTRI). ou un certificat m\u00e9dical de non contre indication \u00e0 la pratique de la course \u00e0 pied en comp\u00e9tition.<\/li>\n<li><strong>18 km<\/strong> : A partir de 18 ans. Les coureurs devront fournir une licence (FFA, FFTRI) ou un certificat m\u00e9dical dat\u00e9 de moins d&rsquo;1 an, ou r\u00e9aliser le PPS https:\/\/pps.athle.fr\/<\/li>\n<\/ul>\n<h3><strong>Frais d\u2019inscription<\/strong><\/h3>\n<ul>\n<li><span style=\"text-decoration: underline;\">6 km<\/span> : 7<strong>\u20ac<\/strong> (+2\u20ac le jour de la course)<\/li>\n<li><span style=\"text-decoration: underline;\">10 km<\/span> : 10<strong>\u20ac<\/strong> (+2\u20ac le jour de la course)<\/li>\n<li><span style=\"text-decoration: underline;\">18 km<\/span> : 14<strong>\u20ac<\/strong> (+2\u20ac le jour de la course)<\/li>\n<li><span style=\"text-decoration: underline;\">Marche 10 km<\/span>\u00a0: 6\u20ac\u00a0(+1\u20ac le jour de la course)<\/li>\n<li><span style=\"text-decoration: underline;\">Galopades<\/span> : Gratuites<\/li>\n<\/ul>\n<h3><strong>Comment s&rsquo;inscrire ?<\/strong><\/h3>\n<ul>\n<li><strong><u>En ligne<\/u><\/strong> :<\/li>\n<\/ul>\n<p style=\"padding-left: 40px;\">Inscription sur <a href=\"https:\/\/www.timepulse.fr\/evenements\/voir\/3123\/go-trail-2026-10eme-edition-saint-gereon#epreuve\" target=\"_blank\" rel=\"noopener noreferrer\"><strong>Timepulse<\/strong><\/a><strong> jusqu&rsquo;au 29\/04\/2026 21h.<\/strong><br \/>\n<span style=\"color: #ff0000;\"><strong>Attention<\/strong><\/span> pour inscrire plusieurs personnes, lorsque vous \u00eates connect\u00e9 sur votre compte Timepulse, s\u00e9lectionnez le bouton \u00ab\u00a0Inscrire un proche\u00a0\u00bb<em><br \/>\n<img loading=\"lazy\" class=\"aligncenter wp-image-405 \" src=\"https:\/\/www.gotrail.fr\/wp-content\/uploads\/2018\/01\/GOTrail-\u00e0-Saint-G\u00e9r\u00e9on-44-\u00bb-TimePulse-Inscription-en-ligne-Microsoft-Edge.jpg\" alt=\"\" width=\"529\" height=\"123\" srcset=\"https:\/\/www.gotrail.fr\/wp-content\/uploads\/2018\/01\/GOTrail-\u00e0-Saint-G\u00e9r\u00e9on-44-\u00bb-TimePulse-Inscription-en-ligne-Microsoft-Edge.jpg 731w, https:\/\/www.gotrail.fr\/wp-content\/uploads\/2018\/01\/GOTrail-\u00e0-Saint-G\u00e9r\u00e9on-44-\u00bb-TimePulse-Inscription-en-ligne-Microsoft-Edge-300x70.jpg 300w\" sizes=\"(max-width: 529px) 100vw, 529px\" \/><\/em><\/p>\n<ul>\n<li><strong><u>Sur place :<\/u><\/strong><\/li>\n<\/ul>\n<p>Inscription possible le jour de la course <strong>\u00e0 partir de 8h00<\/strong> jusqu\u2019\u00e0 15 minutes avant le d\u00e9part et major\u00e9e de <strong>2\u20ac<\/strong>.<\/p>\n<h3>Retraits des dossards :<\/h3>\n<p>Les dossards pourront \u00eatre retir\u00e9s le samedi 2 mai de 10h \u00e0 12h et de 14h \u00e0 16h \u00e0 D\u00e9cathlon Saint-G\u00e9reon ou sur place le jour de la course \u00e0 partir de 8h.<\/p>\n","protected":false},"excerpt":{"rendered":"<p>Licence\u00a0et d\u00e9charge 6 et 10 km : A partir de 12 ans. Les coureurs devront fournir une licence (FFA, FFTRI) ou un certificat m\u00e9dical de non contre indication \u00e0 la pratique de la course \u00e0 pied en comp\u00e9tition dat\u00e9 de&hellip; <br \/><a class=\"read-more-button\" href=\"https:\/\/www.gotrail.fr\/?page_id=33\">Savoir plus<\/a><\/p>\n","protected":false},"author":1,"featured_media":0,"parent":0,"menu_order":0,"comment_status":"closed","ping_status":"closed","template":"","meta":[],"_links":{"self":[{"href":"https:\/\/www.gotrail.fr\/index.php?rest_route=\/wp\/v2\/pages\/33"}],"collection":[{"href":"https:\/\/www.gotrail.fr\/index.php?rest_route=\/wp\/v2\/pages"}],"about":[{"href":"https:\/\/www.gotrail.fr\/index.php?rest_route=\/wp\/v2\/types\/page"}],"author":[{"embeddable":true,"href":"https:\/\/www.gotrail.fr\/index.php?rest_route=\/wp\/v2\/users\/1"}],"replies":[{"embeddable":true,"href":"https:\/\/www.gotrail.fr\/index.php?rest_route=%2Fwp%2Fv2%2Fcomments&post=33"}],"version-history":[{"count":87,"href":"https:\/\/www.gotrail.fr\/index.php?rest_route=\/wp\/v2\/pages\/33\/revisions"}],"predecessor-version":[{"id":1361,"href":"https:\/\/www.gotrail.fr\/index.php?rest_route=\/wp\/v2\/pages\/33\/revisions\/1361"}],"wp:attachment":[{"href":"https:\/\/www.gotrail.fr\/index.php?rest_route=%2Fwp%2Fv2%2Fmedia&parent=33"}],"curies":[{"name":"wp","href":"https:\/\/api.w.org\/{rel}","templated":true}]}}