{"id":204,"date":"2016-04-25T21:41:59","date_gmt":"2016-04-25T19:41:59","guid":{"rendered":"http:\/\/www.gotrail.fr\/?page_id=204"},"modified":"2016-04-25T21:41:59","modified_gmt":"2016-04-25T19:41:59","slug":"livre-dor","status":"publish","type":"page","link":"https:\/\/www.gotrail.fr\/?page_id=204","title":{"rendered":"Livre d&rsquo;Or"},"content":{"rendered":"<div class=\"gwolle-gb\"><div class=\"gwolle_gb_messages_top_container\"><\/div>\n\t\t\t<div class=\"gwolle-gb-write-button\">\n\t\t\t\t<input type=\"button\" name=\"gwolle-gb-write-button\" class=\"button btn btn-default \" value=\"\u00c9crire un nouveau message.\" \/>\n\t\t\t<\/div>\n\t\t\t<form action=\"#\" method=\"POST\" class=\"gwolle-gb-write gwolle-gb-hide gwolle-gb-float gwolle_gb_form_ajax gwolle-gb-form-ajax gwolle-gb-ajax\">\n\t\t\t\t<h3>Ecrivez dans le livre d&#39;or<\/h3>\n\t\t\t\t<button type=\"button\" class=\"gb-notice-dismiss\">x<span class=\"screen-reader-text\">Masquer ce formulaire.<\/span><\/button>\n\t\t\t\n\t\t\t\t<input type=\"hidden\" name=\"gwolle_gb_function\" class=\"gwolle_gb_function\" value=\"add_entry\" \/><input type=\"hidden\" name=\"gwolle_gb_book_id\" class=\"gwolle_gb_book_id\" value=\"1\" \/><div class=\"gwolle_gb_73e1f6810510817637d2afba0f7bd40e\">\n\t\t\t\t<div class=\"label\"><label for=\"gwolle_gb_73e1f6810510817637d2afba0f7bd40e\" class=\"text-info\">Nom<\/label><\/div>\n\t\t\t\t<div class=\"input\"><input class=\"wp-exclude-emoji gwolle_gb_73e1f6810510817637d2afba0f7bd40e\" value=\"\" type=\"text\" name=\"gwolle_gb_73e1f6810510817637d2afba0f7bd40e\" \/><\/div>\n\t\t\t\t<div class=\"clearBoth\">&nbsp;<\/div>\n\t\t\t<\/div><div class=\"gwolle_gb_dcccfe95e3249d10e7e2ddf3b4b0f7d5\">\n\t\t\t\t\t<div class=\"label\"><label for=\"gwolle_gb_dcccfe95e3249d10e7e2ddf3b4b0f7d5\" class=\"text-info\">Ville<\/label><\/div>\n\t\t\t\t\t<div class=\"input\"><input class=\"wp-exclude-emoji gwolle_gb_dcccfe95e3249d10e7e2ddf3b4b0f7d5\" value=\"\" type=\"text\" name=\"gwolle_gb_dcccfe95e3249d10e7e2ddf3b4b0f7d5\" \/><\/div>\n\t\t\t\t\t<div class=\"clearBoth\">&nbsp;<\/div>\n\t\t\t\t<\/div><div class=\"gwolle_gb_6948f7b840213577fb660a390018f942\">\n\t\t\t\t<div class=\"label\"><label for=\"gwolle_gb_6948f7b840213577fb660a390018f942\" class=\"text-info\">E-mail *<\/label><\/div>\n\t\t\t\t<div class=\"input\"><input class=\"gwolle_gb_6948f7b840213577fb660a390018f942\" value=\"\" type=\"text\" name=\"gwolle_gb_6948f7b840213577fb660a390018f942\" required \/><\/div>\n\t\t\t\t<div class=\"clearBoth\">&nbsp;<\/div>\n\t\t\t<\/div>\n\t\t\t<div class=\"gwolle_gb_3091a18d786488f29d1bdeaab180980f\" style=\"display:none;\">\n\t\t\t\t<div class=\"label\">\n\t\t\t\t\t<label for=\"gwolle_gb_3091a18d786488f29d1bdeaab180980f\" class=\"text-primary\">Ne touchez pas \u00e0 ceci<\/label>\n\t\t\t\t\t<label for=\"gwolle_gb_931c04f6d455071c12bfefd2ba806835\" class=\"text-primary\">Ne touchez pas \u00e0 ceci<\/label>\n\t\t\t\t<\/div>\n\t\t\t\t<div class=\"input\">\n\t\t\t\t\t<input value=\"65\" type=\"text\" name=\"gwolle_gb_3091a18d786488f29d1bdeaab180980f\" class=\"gwolle_gb_3091a18d786488f29d1bdeaab180980f\" \/>\n\t\t\t\t\t<input value=\"\" type=\"text\" name=\"gwolle_gb_931c04f6d455071c12bfefd2ba806835\" class=\"gwolle_gb_931c04f6d455071c12bfefd2ba806835\" \/>\n\t\t\t\t<\/div>\n\t\t\t\t<div class=\"clearBoth\"><\/div>\n\t\t\t<\/div>\n\t\t\t<div class=\"gwolle_gb_37eb833f4161e403a2c89d67558ecbe2\" style=\"display:none;\">\n\t\t\t\t<div class=\"label\">\n\t\t\t\t\t<label for=\"gwolle_gb_37eb833f4161e403a2c89d67558ecbe2\" class=\"text-primary\">Ne touchez pas \u00e0 ceci<\/label>\n\t\t\t\t\t<label for=\"gwolle_gb_8f9d6f201b909b5d180c604ed0cb4cc5\" class=\"text-primary\">Ne touchez pas \u00e0 ceci<\/label>\n\t\t\t\t<\/div>\n\t\t\t\t<div class=\"input\">\n\t\t\t\t\t<input value=\"99785\" type=\"text\" name=\"gwolle_gb_37eb833f4161e403a2c89d67558ecbe2\" class=\"gwolle_gb_37eb833f4161e403a2c89d67558ecbe2\" \/>\n\t\t\t\t\t<input value=\"99785\" type=\"text\" name=\"gwolle_gb_8f9d6f201b909b5d180c604ed0cb4cc5\" class=\"gwolle_gb_8f9d6f201b909b5d180c604ed0cb4cc5\" \/>\n\t\t\t\t<\/div>\n\t\t\t\t<div class=\"clearBoth\"><\/div>\n\t\t\t<\/div><div class=\"gwolle_gb_content\">\n\t\t\t\t<div class=\"label\"><label for=\"gwolle_gb_content\" class=\"text-info\">Message du livre d\u2019or *<\/label><\/div>\n\t\t\t\t<div class=\"input\"><textarea name=\"gwolle_gb_content\" class=\"gwolle_gb_content wp-exclude-emoji\" required ><\/textarea><\/div>\n\t\t\t\t\t<div class=\"clearBoth\">&nbsp;<\/div>\n\t\t\t\t<\/div>\n\t\t\t\t<div class=\"gwolle_gb_antispam\">\n\t\t\t\t\t<div class=\"label\">\n\t\t\t\t\t\t<label for=\"gwolle_gb_435d11328565adb612163a4357959020\" class=\"text-info\">Question\u00a0: 13 + sept = ? *<\/label>\n\t\t\t\t\t<\/div>\n\t\t\t\t\t<div class=\"input\"><input class=\"gwolle_gb_435d11328565adb612163a4357959020\" value=\"\" type=\"text\" name=\"gwolle_gb_435d11328565adb612163a4357959020\" required \/>\n\t\t\t\t\t\t<\/div>\n\t\t\t\t\t\t<div class=\"clearBoth\">&nbsp;<\/div>\n\t\t\t\t\t<\/div><input type=\"hidden\" class=\"gwolle_gb_5fb87a7706cd45c7cf81ebff1cf5fb48\" name=\"gwolle_gb_5fb87a7706cd45c7cf81ebff1cf5fb48\" value=\"fd7d0ecc86\" \/>\n\t\t\t<div class=\"gwolle_gb_messages_bottom_container\"><\/div>\n\n\t\t\t<noscript><div class=\"no-js\">Avertissement\u00a0: Ce formulaire ne peut \u00eatre utilis\u00e9 que si JavaScript est activ\u00e9 dans votre navigateur.<\/div><\/noscript>\n\n\t\t\t<div class=\"gwolle_gb_submit\">\n\t\t\t\t<div class=\"label gwolle-gb-invisible text-muted\">&nbsp;<\/div>\n\t\t\t\t<div class=\"input\">\n\t\t\t\t\t<input type=\"submit\" name=\"gwolle_gb_submit\" class=\"gwolle_gb_submit button btn btn-primary \" value=\"Envoyer\" \/>\n\t\t\t\t\t<span class=\"gwolle_gb_submit_ajax_icon\"><\/span>\n\t\t\t\n\t\t\t\t<\/div>\n\t\t\t\t<div class=\"clearBoth\">&nbsp;<\/div>\n\t\t\t<\/div>\n\n\t\t\t<div class=\"gwolle_gb_notice\">\n\t\t\t\tLes champs avec une * sont obligatoires<br \/>\r\nVotre e-mail ne sera pas publi\u00e9.\n\t\t\t<\/div><\/form><div class=\"gwolle-gb-read gwolle-gb-ajax\" data-book_id=\"1\"><div id=\"gwolle-gb-total\" class=\"gwolle-gb-total\">9 messages.<\/div><!-- Gwolle-GB Entry: Default Template Loaded -->\n\t\t\t\t<div class=\"gb-entry gb-entry_95 gb-entry-count_1 gwolle_gb_uneven gwolle-gb-uneven gwolle_gb_first gwolle-gb-first\">\n\t\t\t\t\t<div class=\"gb-author-info\">\n\t\t\t\t\t\t<span class=\"gb-author-avatar\"><img referrerpolicy=\"no-referrer\" alt='David D' src='https:\/\/secure.gravatar.com\/avatar\/43201eccdfc63b5891dc202b4c1c5518?s=32&#038;d=mm&#038;r=g' srcset='https:\/\/secure.gravatar.com\/avatar\/43201eccdfc63b5891dc202b4c1c5518?s=64&#038;d=mm&#038;r=g 2x' class='avatar avatar-32 photo' height='32' width='32' loading='lazy'\/><\/span>\n\t\t\t\t\t\t<span class=\"gb-author-name\">David D\n\t\t\t\t\t\t<\/span>\n\t\t\t\t\t\t<span class=\"gb-author-origin\">\n\t\t\t\t\t\t\t<span class=\"gb-author-origin-from-text\"> de<\/span>\n\t\t\t\t\t\t\t<span class=\"gb-author-origin-text\"> Les Sorini\u00e8res<\/span>\n\t\t\t\t\t\t<\/span>\n\t\t\t\t\t\t<span class=\"gb-datetime\">\n\t\t\t\t\t\t\t<span class=\"gb-date\"><span class=\"gb-date-wrote-text\"> a \u00e9crit le<\/span><span class=\"gb-date-text\"> 22 septembre 2021<\/span>\n\t\t\t\t\t\t\t<\/span><span class=\"gb-time\">\n\t\t\t\t\t\t\t\t\t<span class=\"gb-time-at-text\"> \u00e0<\/span>\n\t\t\t\t\t\t\t\t\t<span class=\"gb-time-text\"> 20 h 55 min<\/span>\n\t\t\t\t\t\t\t\t<\/span>\n\t\t\t\t\t\t<\/span> \n\t\t\t\t\t<\/div>\n\t\t\t\t\t<div class=\"gb-entry-content\">\n\t\t\t\t\t\t<div class=\"gb-entry-excerpt\">Merci pour cette superbe \u00e9dition 2021 du Go Trail !!! Le parcours du 16km, parfait, m&#039;a permis de d\u00e9couvrir des coins de la commune que je ne connaissais pas encore (secteur ruisseau d&#039;omplepied - assez technique et selectif). Le balisage et le jalonnage \u00e9tait tr\u00e8s bien \u00e9galement. Ambiance familiale tr\u00e8s sympa et organisateurs proches des participants. Ne changer rien, \u00e0 mon go\u00fbt vous avez trouv\u00e9 la bonne recette d&#039;une belle \u00e9preuve. Nul besoin de chrono et de classement pour se faire plaisir. L&#039;inscription au 9km sans ce &#034;maudit&#034; certificat m\u00e9dical permet au plus grand nombre de participer. Vraiment bravo \u00e0 vous.<\/div>\n\t\t\t\t\t\t<div class=\"gb-entry-full-content gwolle-gb-hide\">Merci pour cette superbe \u00e9dition 2021 du Go Trail !!! Le parcours du 16km, parfait, m&#039;a permis de d\u00e9couvrir des coins de la commune que je ne connaissais pas encore (secteur ruisseau d&#039;omplepied - assez technique et selectif). Le balisage et le jalonnage \u00e9tait tr\u00e8s bien \u00e9galement. Ambiance familiale tr\u00e8s sympa et organisateurs proches des participants. Ne changer rien, \u00e0 mon go\u00fbt vous avez trouv\u00e9 la bonne recette d&#039;une belle \u00e9preuve. Nul besoin de chrono et de classement pour se faire plaisir. L&#039;inscription au 9km sans ce &#034;maudit&#034; certificat m\u00e9dical permet au plus grand nombre de participer. Vraiment bravo \u00e0 vous.<\/div>\n\t\t\t\t\t<\/div>\n\t\t\t<\/div>\n\t\t\t<div class=\"gb-entry gb-entry_94 gb-entry-count_2 gwolle_gb_even gwolle-gb-even\">\n\t\t\t\t\t<div class=\"gb-author-info\">\n\t\t\t\t\t\t<span class=\"gb-author-avatar\"><img referrerpolicy=\"no-referrer\" alt='B\u00e9bert' src='https:\/\/secure.gravatar.com\/avatar\/ded0f3453d1046feace72ea0e685bfc0?s=32&#038;d=mm&#038;r=g' srcset='https:\/\/secure.gravatar.com\/avatar\/ded0f3453d1046feace72ea0e685bfc0?s=64&#038;d=mm&#038;r=g 2x' class='avatar avatar-32 photo' height='32' width='32' loading='lazy'\/><\/span>\n\t\t\t\t\t\t<span class=\"gb-author-name\">B\u00e9bert\n\t\t\t\t\t\t<\/span>\n\t\t\t\t\t\t<span class=\"gb-author-origin\">\n\t\t\t\t\t\t\t<span class=\"gb-author-origin-from-text\"> de<\/span>\n\t\t\t\t\t\t\t<span class=\"gb-author-origin-text\"> Ancenis<\/span>\n\t\t\t\t\t\t<\/span>\n\t\t\t\t\t\t<span class=\"gb-datetime\">\n\t\t\t\t\t\t\t<span class=\"gb-date\"><span class=\"gb-date-wrote-text\"> a \u00e9crit le<\/span><span class=\"gb-date-text\"> 22 f\u00e9vrier 2020<\/span>\n\t\t\t\t\t\t\t<\/span><span class=\"gb-time\">\n\t\t\t\t\t\t\t\t\t<span class=\"gb-time-at-text\"> \u00e0<\/span>\n\t\t\t\t\t\t\t\t\t<span class=\"gb-time-text\"> 0 h 56 min<\/span>\n\t\t\t\t\t\t\t\t<\/span>\n\t\t\t\t\t\t<\/span> \n\t\t\t\t\t<\/div>\n\t\t\t\t\t<div class=\"gb-entry-content\">\n\t\t\t\t\t\t<div class=\"gb-entry-excerpt\">Vivement le 26 avril qu&#039;on remette \u00e7a!!!<\/div>\n\t\t\t\t\t\t<div class=\"gb-entry-full-content gwolle-gb-hide\">Vivement le 26 avril qu&#039;on remette \u00e7a!!!<\/div>\n\t\t\t\t\t<\/div>\n\t\t\t<\/div>\n\t\t\t<div class=\"gb-entry gb-entry_93 gb-entry-count_3 gwolle_gb_uneven gwolle-gb-uneven\">\n\t\t\t\t\t<div class=\"gb-author-info\">\n\t\t\t\t\t\t<span class=\"gb-author-avatar\"><img referrerpolicy=\"no-referrer\" alt='Estelle Maillefer' src='https:\/\/secure.gravatar.com\/avatar\/ddc8f97b87dca3e450b135f821a84b95?s=32&#038;d=mm&#038;r=g' srcset='https:\/\/secure.gravatar.com\/avatar\/ddc8f97b87dca3e450b135f821a84b95?s=64&#038;d=mm&#038;r=g 2x' class='avatar avatar-32 photo' height='32' width='32' loading='lazy'\/><\/span>\n\t\t\t\t\t\t<span class=\"gb-author-name\">Estelle Maillefer\n\t\t\t\t\t\t<\/span>\n\t\t\t\t\t\t<span class=\"gb-author-origin\">\n\t\t\t\t\t\t\t<span class=\"gb-author-origin-from-text\"> de<\/span>\n\t\t\t\t\t\t\t<span class=\"gb-author-origin-text\"> 44150 saint gereon<\/span>\n\t\t\t\t\t\t<\/span>\n\t\t\t\t\t\t<span class=\"gb-datetime\">\n\t\t\t\t\t\t\t<span class=\"gb-date\"><span class=\"gb-date-wrote-text\"> a \u00e9crit le<\/span><span class=\"gb-date-text\"> 16 mai 2019<\/span>\n\t\t\t\t\t\t\t<\/span><span class=\"gb-time\">\n\t\t\t\t\t\t\t\t\t<span class=\"gb-time-at-text\"> \u00e0<\/span>\n\t\t\t\t\t\t\t\t\t<span class=\"gb-time-text\"> 22 h 02 min<\/span>\n\t\t\t\t\t\t\t\t<\/span>\n\t\t\t\t\t\t<\/span> \n\t\t\t\t\t<\/div>\n\t\t\t\t\t<div class=\"gb-entry-content\">\n\t\t\t\t\t\t<div class=\"gb-entry-excerpt\">Super course et organisation au top! Parfait pour un premier trail.... Temps Ideal et parcours tr\u00e8s sympa!<\/div>\n\t\t\t\t\t\t<div class=\"gb-entry-full-content gwolle-gb-hide\">Super course et organisation au top!  Parfait pour un premier trail.... Temps Ideal et parcours tr\u00e8s sympa!<\/div>\n\t\t\t\t\t<\/div>\n\t\t\t<\/div>\n\t\t\t<div class=\"gb-entry gb-entry_92 gb-entry-count_4 gwolle_gb_even gwolle-gb-even\">\n\t\t\t\t\t<div class=\"gb-author-info\">\n\t\t\t\t\t\t<span class=\"gb-author-avatar\"><img referrerpolicy=\"no-referrer\" alt='Jean Fran\u00e7ois' src='https:\/\/secure.gravatar.com\/avatar\/3b3cd78f8e61dc2b12d3d578a2e05713?s=32&#038;d=mm&#038;r=g' srcset='https:\/\/secure.gravatar.com\/avatar\/3b3cd78f8e61dc2b12d3d578a2e05713?s=64&#038;d=mm&#038;r=g 2x' class='avatar avatar-32 photo' height='32' width='32' loading='lazy'\/><\/span>\n\t\t\t\t\t\t<span class=\"gb-author-name\">Jean Fran\u00e7ois\n\t\t\t\t\t\t<\/span>\n\t\t\t\t\t\t<span class=\"gb-author-origin\">\n\t\t\t\t\t\t\t<span class=\"gb-author-origin-from-text\"> de<\/span>\n\t\t\t\t\t\t\t<span class=\"gb-author-origin-text\"> Ancenis-Saint- G\u00e9r\u00e9on<\/span>\n\t\t\t\t\t\t<\/span>\n\t\t\t\t\t\t<span class=\"gb-datetime\">\n\t\t\t\t\t\t\t<span class=\"gb-date\"><span class=\"gb-date-wrote-text\"> a \u00e9crit le<\/span><span class=\"gb-date-text\"> 12 mai 2019<\/span>\n\t\t\t\t\t\t\t<\/span><span class=\"gb-time\">\n\t\t\t\t\t\t\t\t\t<span class=\"gb-time-at-text\"> \u00e0<\/span>\n\t\t\t\t\t\t\t\t\t<span class=\"gb-time-text\"> 23 h 57 min<\/span>\n\t\t\t\t\t\t\t\t<\/span>\n\t\t\t\t\t\t<\/span> \n\t\t\t\t\t<\/div>\n\t\t\t\t\t<div class=\"gb-entry-content\">\n\t\t\t\t\t\t<div class=\"gb-entry-excerpt\">Pour cette \u00e9dition 2019 le temps \u00e9tait de la partie ce qui a magnifi\u00e9 la course nous faisant d\u00e9couvrir nos bords de Loire sous leur meilleurs aspects. Le parcours choisi pour le 19 km est magnifique et tr\u00e8s vari\u00e9, celui ci n\u2019\u00e9tant pas vraiment une ballade. F\u00e9licitations \u00e0 tous les acteurs de cette organisation qui est vraiment une r\u00e9ussite, la dimension familiale \u00e9tant l\u2019une des composantes. Il ne reste plus qu\u2019a attendre l\u2019\u00e9dition 2020. Bravo. \ud83d\udc4d\ud83d\udc4f<\/div>\n\t\t\t\t\t\t<div class=\"gb-entry-full-content gwolle-gb-hide\">Pour cette \u00e9dition 2019 le temps \u00e9tait de la partie ce qui a magnifi\u00e9 la course nous faisant d\u00e9couvrir nos bords de Loire sous leur meilleurs aspects.<br \/>\r\nLe parcours choisi pour le 19 km est magnifique et tr\u00e8s vari\u00e9, celui ci  n\u2019\u00e9tant pas vraiment une ballade.<br \/>\r\nF\u00e9licitations \u00e0 tous les acteurs de cette organisation qui est vraiment une r\u00e9ussite, la dimension familiale \u00e9tant l\u2019une des  composantes.<br \/>\r\nIl ne reste plus qu\u2019a attendre l\u2019\u00e9dition 2020.<br \/>\r\nBravo. \ud83d\udc4d\ud83d\udc4f<\/div>\n\t\t\t\t\t<\/div>\n\t\t\t<\/div>\n\t\t\t<div class=\"gb-entry gb-entry_7 gb-entry-count_5 gwolle_gb_uneven gwolle-gb-uneven\">\n\t\t\t\t\t<div class=\"gb-author-info\">\n\t\t\t\t\t\t<span class=\"gb-author-avatar\"><img referrerpolicy=\"no-referrer\" alt='Romuald' src='https:\/\/secure.gravatar.com\/avatar\/7f710a8f2400631baa443956dfbafd0b?s=32&#038;d=mm&#038;r=g' srcset='https:\/\/secure.gravatar.com\/avatar\/7f710a8f2400631baa443956dfbafd0b?s=64&#038;d=mm&#038;r=g 2x' class='avatar avatar-32 photo' height='32' width='32' loading='lazy'\/><\/span>\n\t\t\t\t\t\t<span class=\"gb-author-name\">Romuald\n\t\t\t\t\t\t<\/span>\n\t\t\t\t\t\t<span class=\"gb-author-origin\">\n\t\t\t\t\t\t\t<span class=\"gb-author-origin-from-text\"> de<\/span>\n\t\t\t\t\t\t\t<span class=\"gb-author-origin-text\"> Ancenis<\/span>\n\t\t\t\t\t\t<\/span>\n\t\t\t\t\t\t<span class=\"gb-datetime\">\n\t\t\t\t\t\t\t<span class=\"gb-date\"><span class=\"gb-date-wrote-text\"> a \u00e9crit le<\/span><span class=\"gb-date-text\"> 12 avril 2018<\/span>\n\t\t\t\t\t\t\t<\/span><span class=\"gb-time\">\n\t\t\t\t\t\t\t\t\t<span class=\"gb-time-at-text\"> \u00e0<\/span>\n\t\t\t\t\t\t\t\t\t<span class=\"gb-time-text\"> 21 h 53 min<\/span>\n\t\t\t\t\t\t\t\t<\/span>\n\t\t\t\t\t\t<\/span> \n\t\t\t\t\t<\/div>\n\t\t\t\t\t<div class=\"gb-entry-content\">\n\t\t\t\t\t\t<div class=\"gb-entry-excerpt\">Encore une belle \u00e9dition malgr\u00e9 la m\u00e9t\u00e9o capricieuse. Merci \u00e0 l&#039;organisation et \u00e0 l&#039;ann\u00e9e prochaine &#x1f603;&#x1f44d;<\/div>\n\t\t\t\t\t\t<div class=\"gb-entry-full-content gwolle-gb-hide\">Encore une belle \u00e9dition malgr\u00e9 la m\u00e9t\u00e9o capricieuse. Merci \u00e0 l&#039;organisation et \u00e0 l&#039;ann\u00e9e prochaine &#x1f603;&#x1f44d;<\/div>\n\t\t\t\t\t<\/div>\n\t\t\t<\/div>\n\t\t\t<div class=\"gb-entry gb-entry_6 gb-entry-count_6 gwolle_gb_even gwolle-gb-even\">\n\t\t\t\t\t<div class=\"gb-author-info\">\n\t\t\t\t\t\t<span class=\"gb-author-avatar\"><img referrerpolicy=\"no-referrer\" alt='chauvat' src='https:\/\/secure.gravatar.com\/avatar\/e48de54d9d82441918c1f205579049b0?s=32&#038;d=mm&#038;r=g' srcset='https:\/\/secure.gravatar.com\/avatar\/e48de54d9d82441918c1f205579049b0?s=64&#038;d=mm&#038;r=g 2x' class='avatar avatar-32 photo' height='32' width='32' loading='lazy'\/><\/span>\n\t\t\t\t\t\t<span class=\"gb-author-name\">chauvat\n\t\t\t\t\t\t<\/span>\n\t\t\t\t\t\t<span class=\"gb-author-origin\">\n\t\t\t\t\t\t\t<span class=\"gb-author-origin-from-text\"> de<\/span>\n\t\t\t\t\t\t\t<span class=\"gb-author-origin-text\"> ancenis<\/span>\n\t\t\t\t\t\t<\/span>\n\t\t\t\t\t\t<span class=\"gb-datetime\">\n\t\t\t\t\t\t\t<span class=\"gb-date\"><span class=\"gb-date-wrote-text\"> a \u00e9crit le<\/span><span class=\"gb-date-text\"> 10 avril 2018<\/span>\n\t\t\t\t\t\t\t<\/span><span class=\"gb-time\">\n\t\t\t\t\t\t\t\t\t<span class=\"gb-time-at-text\"> \u00e0<\/span>\n\t\t\t\t\t\t\t\t\t<span class=\"gb-time-text\"> 19 h 39 min<\/span>\n\t\t\t\t\t\t\t\t<\/span>\n\t\t\t\t\t\t<\/span> \n\t\t\t\t\t<\/div>\n\t\t\t\t\t<div class=\"gb-entry-content\">\n\t\t\t\t\t\t<div class=\"gb-entry-excerpt\">Bravo aux parents organisateurs 3eme participations toujours au top tr\u00e8s bonne ambiance et un beau parcours \u00e0 l&#039;ann\u00e9e prochaine!!!<\/div>\n\t\t\t\t\t\t<div class=\"gb-entry-full-content gwolle-gb-hide\">Bravo aux parents organisateurs 3eme participations toujours au top tr\u00e8s bonne ambiance et un beau parcours \u00e0 l&#039;ann\u00e9e prochaine!!!<\/div>\n\t\t\t\t\t<\/div>\n\t\t\t<\/div>\n\t\t\t<div class=\"gb-entry gb-entry_5 gb-entry-count_7 gwolle_gb_uneven gwolle-gb-uneven\">\n\t\t\t\t\t<div class=\"gb-author-info\">\n\t\t\t\t\t\t<span class=\"gb-author-avatar\"><img referrerpolicy=\"no-referrer\" alt='Retiere' src='https:\/\/secure.gravatar.com\/avatar\/7f710a8f2400631baa443956dfbafd0b?s=32&#038;d=mm&#038;r=g' srcset='https:\/\/secure.gravatar.com\/avatar\/7f710a8f2400631baa443956dfbafd0b?s=64&#038;d=mm&#038;r=g 2x' class='avatar avatar-32 photo' height='32' width='32' loading='lazy'\/><\/span>\n\t\t\t\t\t\t<span class=\"gb-author-name\">Retiere\n\t\t\t\t\t\t<\/span>\n\t\t\t\t\t\t<span class=\"gb-author-origin\">\n\t\t\t\t\t\t\t<span class=\"gb-author-origin-from-text\"> de<\/span>\n\t\t\t\t\t\t\t<span class=\"gb-author-origin-text\"> Ancenis<\/span>\n\t\t\t\t\t\t<\/span>\n\t\t\t\t\t\t<span class=\"gb-datetime\">\n\t\t\t\t\t\t\t<span class=\"gb-date\"><span class=\"gb-date-wrote-text\"> a \u00e9crit le<\/span><span class=\"gb-date-text\"> 15 juin 2017<\/span>\n\t\t\t\t\t\t\t<\/span><span class=\"gb-time\">\n\t\t\t\t\t\t\t\t\t<span class=\"gb-time-at-text\"> \u00e0<\/span>\n\t\t\t\t\t\t\t\t\t<span class=\"gb-time-text\"> 21 h 22 min<\/span>\n\t\t\t\t\t\t\t\t<\/span>\n\t\t\t\t\t\t<\/span> \n\t\t\t\t\t<\/div>\n\t\t\t\t\t<div class=\"gb-entry-content\">\n\t\t\t\t\t\t<div class=\"gb-entry-excerpt\">Excellente organisation et le parcours \u00e9tait magnifique. Au top vivement l&#039;ann\u00e9e prochaine<\/div>\n\t\t\t\t\t\t<div class=\"gb-entry-full-content gwolle-gb-hide\">Excellente organisation et le parcours \u00e9tait magnifique. Au top vivement l&#039;ann\u00e9e prochaine<\/div>\n\t\t\t\t\t<\/div>\n\t\t\t<\/div>\n\t\t\t<div class=\"gb-entry gb-entry_4 gb-entry-count_8 gwolle_gb_even gwolle-gb-even\">\n\t\t\t\t\t<div class=\"gb-author-info\">\n\t\t\t\t\t\t<span class=\"gb-author-avatar\"><img referrerpolicy=\"no-referrer\" alt='S\u00e9verine' src='https:\/\/secure.gravatar.com\/avatar\/895849500938d3573fbc52a3a9594146?s=32&#038;d=mm&#038;r=g' srcset='https:\/\/secure.gravatar.com\/avatar\/895849500938d3573fbc52a3a9594146?s=64&#038;d=mm&#038;r=g 2x' class='avatar avatar-32 photo' height='32' width='32' loading='lazy'\/><\/span>\n\t\t\t\t\t\t<span class=\"gb-author-name\">S\u00e9verine\n\t\t\t\t\t\t<\/span>\n\t\t\t\t\t\t<span class=\"gb-author-origin\">\n\t\t\t\t\t\t\t<span class=\"gb-author-origin-from-text\"> de<\/span>\n\t\t\t\t\t\t\t<span class=\"gb-author-origin-text\"> Saint-Gereon<\/span>\n\t\t\t\t\t\t<\/span>\n\t\t\t\t\t\t<span class=\"gb-datetime\">\n\t\t\t\t\t\t\t<span class=\"gb-date\"><span class=\"gb-date-wrote-text\"> a \u00e9crit le<\/span><span class=\"gb-date-text\"> 28 avril 2016<\/span>\n\t\t\t\t\t\t\t<\/span><span class=\"gb-time\">\n\t\t\t\t\t\t\t\t\t<span class=\"gb-time-at-text\"> \u00e0<\/span>\n\t\t\t\t\t\t\t\t\t<span class=\"gb-time-text\"> 20 h 32 min<\/span>\n\t\t\t\t\t\t\t\t<\/span>\n\t\t\t\t\t\t<\/span> \n\t\t\t\t\t<\/div>\n\t\t\t\t\t<div class=\"gb-entry-content\">\n\t\t\t\t\t\t<div class=\"gb-entry-excerpt\">Une super organisation et une tr\u00e8s belle communication autour de la course ! Bravo aux organisateurs ! Tr\u00e8s sympa les photos et vid\u00e9os ! ; ) \u00c7a donne envie de revenir l ann\u00e9e prochaine !!<\/div>\n\t\t\t\t\t\t<div class=\"gb-entry-full-content gwolle-gb-hide\">Une super organisation et une tr\u00e8s belle communication autour de la course ! Bravo aux organisateurs ! <br \/>\r\n<br \/>\r\nTr\u00e8s sympa les photos et vid\u00e9os ! ; )<br \/>\r\n<br \/>\r\n\u00c7a donne envie de revenir l ann\u00e9e prochaine !!<\/div>\n\t\t\t\t\t<\/div>\n\t\t\t<\/div>\n\t\t\t<div class=\"gb-entry gb-entry_3 gb-entry-count_9 gwolle_gb_uneven gwolle-gb-uneven\">\n\t\t\t\t\t<div class=\"gb-author-info\">\n\t\t\t\t\t\t<span class=\"gb-author-avatar\"><img referrerpolicy=\"no-referrer\" alt='GAELLE' src='https:\/\/secure.gravatar.com\/avatar\/5ef7bfcefabb06aacd5024f8dd081796?s=32&#038;d=mm&#038;r=g' srcset='https:\/\/secure.gravatar.com\/avatar\/5ef7bfcefabb06aacd5024f8dd081796?s=64&#038;d=mm&#038;r=g 2x' class='avatar avatar-32 photo' height='32' width='32' loading='lazy'\/><\/span>\n\t\t\t\t\t\t<span class=\"gb-author-name\">GAELLE\n\t\t\t\t\t\t<\/span>\n\t\t\t\t\t\t<span class=\"gb-author-origin\">\n\t\t\t\t\t\t\t<span class=\"gb-author-origin-from-text\"> de<\/span>\n\t\t\t\t\t\t\t<span class=\"gb-author-origin-text\"> ST GEREON<\/span>\n\t\t\t\t\t\t<\/span>\n\t\t\t\t\t\t<span class=\"gb-datetime\">\n\t\t\t\t\t\t\t<span class=\"gb-date\"><span class=\"gb-date-wrote-text\"> a \u00e9crit le<\/span><span class=\"gb-date-text\"> 28 avril 2016<\/span>\n\t\t\t\t\t\t\t<\/span><span class=\"gb-time\">\n\t\t\t\t\t\t\t\t\t<span class=\"gb-time-at-text\"> \u00e0<\/span>\n\t\t\t\t\t\t\t\t\t<span class=\"gb-time-text\"> 13 h 02 min<\/span>\n\t\t\t\t\t\t\t\t<\/span>\n\t\t\t\t\t\t<\/span> \n\t\t\t\t\t<\/div>\n\t\t\t\t\t<div class=\"gb-entry-content\">\n\t\t\t\t\t\t<div class=\"gb-entry-excerpt\">excellente la vid\u00e9o des Galopades!!!!<\/div>\n\t\t\t\t\t\t<div class=\"gb-entry-full-content gwolle-gb-hide\">excellente la vid\u00e9o des Galopades!!!!<\/div>\n\t\t\t\t\t<\/div>\n\t\t\t<\/div>\n\t\t\t<\/div><\/div>\n","protected":false},"excerpt":{"rendered":"","protected":false},"author":1,"featured_media":0,"parent":0,"menu_order":0,"comment_status":"closed","ping_status":"closed","template":"","meta":[],"_links":{"self":[{"href":"https:\/\/www.gotrail.fr\/index.php?rest_route=\/wp\/v2\/pages\/204"}],"collection":[{"href":"https:\/\/www.gotrail.fr\/index.php?rest_route=\/wp\/v2\/pages"}],"about":[{"href":"https:\/\/www.gotrail.fr\/index.php?rest_route=\/wp\/v2\/types\/page"}],"author":[{"embeddable":true,"href":"https:\/\/www.gotrail.fr\/index.php?rest_route=\/wp\/v2\/users\/1"}],"replies":[{"embeddable":true,"href":"https:\/\/www.gotrail.fr\/index.php?rest_route=%2Fwp%2Fv2%2Fcomments&post=204"}],"version-history":[{"count":1,"href":"https:\/\/www.gotrail.fr\/index.php?rest_route=\/wp\/v2\/pages\/204\/revisions"}],"predecessor-version":[{"id":205,"href":"https:\/\/www.gotrail.fr\/index.php?rest_route=\/wp\/v2\/pages\/204\/revisions\/205"}],"wp:attachment":[{"href":"https:\/\/www.gotrail.fr\/index.php?rest_route=%2Fwp%2Fv2%2Fmedia&parent=204"}],"curies":[{"name":"wp","href":"https:\/\/api.w.org\/{rel}","templated":true}]}}